{"id":30255,"date":"2026-01-16T09:45:32","date_gmt":"2026-01-16T08:45:32","guid":{"rendered":"https:\/\/hufschuhanzieher.de\/?post_type=product&#038;p=30255"},"modified":"2026-01-16T14:04:40","modified_gmt":"2026-01-16T13:04:40","slug":"easyboot-comfort-pads","status":"publish","type":"product","link":"https:\/\/www.hufschuhanzieher.de\/en\/easyboot-comfort-pads\/","title":{"rendered":"EasyCare Comfort Pads"},"content":{"rendered":"<ul>\n<li><strong>Easyboot Comfort Pad, 6mm+12mm , soft (gr\u00fcn)<\/strong><br \/>\n&gt; Weiche Polster bieten die gr\u00f6\u00dfte Polsterung, aber die geringste Sto\u00dfd\u00e4mpfung. Sie eignen sich am besten f\u00fcr therapeutische Zwecke.<\/li>\n<li><strong>Easyboot Comfort Pad, 6mm+12mm , medium (schwarz)<\/strong><br \/>\n&gt; Mittlere Polster sind eine gute Kombination aus Polsterung und Sto\u00dfd\u00e4mpfung. Sie k\u00f6nnen f\u00fcr Therapiezwecke oder zum Reiten verwendet werden.<\/li>\n<li><strong>Easyboot Comfort Pad, 6mm+12mm , firm (rot)<\/strong><br \/>\n&gt; Feste Polster bieten nur sehr wenig Polsterung, aber eine hohe Sto\u00dfd\u00e4mpfung. Sie eignen sich gut zum Reiten und sind eine gute Option f\u00fcr Pferde, die etwas mehr Schutz ben\u00f6tigen, als die Stiefel allein bieten.<\/li>\n<\/ul>\n<p>Kann entsprechend der Boot-Gr\u00f6\u00dfe zugeschnitten werden<\/p>\n<p>EasyCare-Komfortpolster erh\u00f6hen die Unterst\u00fctzung der Sohle, sodass alle Pferde, ob gesund oder nicht, zu einer korrekten Bewegung angeregt werden. Sie k\u00f6nnen auch verwendet werden, um die Passform eines Hufschuhs zu verbessern. Verwenden Sie sie in Hufschuhen, um einem Pferd den \u00dcbergang von beschlagen zu barfu\u00df zu erleichtern, oder als Hilfsmittel bei der Behandlung von Hufrehe, Strahlbeinerkrankungen und anderen Hufbeschwerden. Wir empfehlen Ihnen, bei der Behandlung von Huferkrankungen jeglicher Art mit Ihrem Tierarzt oder Hufpfleger zusammenzuarbeiten. Komfortpolster sind in zwei St\u00e4rken (6 mm und 12 mm) und drei Dichten (weich, mittel und fest) erh\u00e4ltlich. EasyCare Komfortpolster m\u00fcssen auf die richtige Gr\u00f6\u00dfe zugeschnitten werden. Stellen Sie das Pferd einfach auf das Polster, zeichnen Sie den Umriss des Hufs nach und schneiden Sie das Komfortpolster mit einer Schere an den Umriss des Hufs an, bevor Sie das Polster in den Hufschuh legen.<\/p>","protected":false},"excerpt":{"rendered":"<p>Easyboot Comfort Pads<\/p>\n<p>Price per pair<\/p>","protected":false},"featured_media":30269,"template":"","meta":[],"product_brand":[1071],"product_cat":[218,15,35,248],"product_tag":[571,172,572,570,345,755,315,471],"class_list":{"0":"post-30255","1":"product","2":"type-product","3":"status-publish","4":"has-post-thumbnail","6":"product_brand-easycare","7":"product_cat-easycare-zubehoer","8":"product_cat-unkategorisiert","9":"product_cat-zubehoer-hufschuhe","10":"product_cat-passend-fuer-alle-hufschuhe-zubehoer","11":"product_tag-arthrose","12":"product_tag-easyboot","13":"product_tag-fuehligkeit","14":"product_tag-hufbeinbruch","15":"product_tag-hufgeschwuer","16":"product_tag-hufkrebs","17":"product_tag-hufrehe","18":"product_tag-schutz","20":"first","21":"instock","22":"taxable","23":"shipping-taxable","24":"purchasable","25":"product-type-variable"},"_links":{"self":[{"href":"https:\/\/www.hufschuhanzieher.de\/en\/wp-json\/wp\/v2\/product\/30255","targetHints":{"allow":["GET"]}}],"collection":[{"href":"https:\/\/www.hufschuhanzieher.de\/en\/wp-json\/wp\/v2\/product"}],"about":[{"href":"https:\/\/www.hufschuhanzieher.de\/en\/wp-json\/wp\/v2\/types\/product"}],"version-history":[{"count":6,"href":"https:\/\/www.hufschuhanzieher.de\/en\/wp-json\/wp\/v2\/product\/30255\/revisions"}],"predecessor-version":[{"id":30273,"href":"https:\/\/www.hufschuhanzieher.de\/en\/wp-json\/wp\/v2\/product\/30255\/revisions\/30273"}],"wp:featuredmedia":[{"embeddable":true,"href":"https:\/\/www.hufschuhanzieher.de\/en\/wp-json\/wp\/v2\/media\/30269"}],"wp:attachment":[{"href":"https:\/\/www.hufschuhanzieher.de\/en\/wp-json\/wp\/v2\/media?parent=30255"}],"wp:term":[{"taxonomy":"product_brand","embeddable":true,"href":"https:\/\/www.hufschuhanzieher.de\/en\/wp-json\/wp\/v2\/product_brand?post=30255"},{"taxonomy":"product_cat","embeddable":true,"href":"https:\/\/www.hufschuhanzieher.de\/en\/wp-json\/wp\/v2\/product_cat?post=30255"},{"taxonomy":"product_tag","embeddable":true,"href":"https:\/\/www.hufschuhanzieher.de\/en\/wp-json\/wp\/v2\/product_tag?post=30255"}],"curies":[{"name":"wp","href":"https:\/\/api.w.org\/{rel}","templated":true}]}}