{"id":31169,"date":"2026-04-15T14:36:27","date_gmt":"2026-04-15T12:36:27","guid":{"rendered":"https:\/\/hufschuhanzieher.de\/?post_type=product&#038;p=31169"},"modified":"2026-04-16T15:40:04","modified_gmt":"2026-04-16T13:40:04","slug":"flexmini-ahti-strap-anchor","status":"publish","type":"product","link":"https:\/\/www.hufschuhanzieher.de\/en\/flexmini-ahti-strap-anchor\/","title":{"rendered":"FlexMini Ahti Strap Anchor"},"content":{"rendered":"<h4>FlexMini Ahti \u2013 Strap Anchor<\/h4>\n<p>Der Ahti Strap Anchor ist der vordere Befestigungspunkt des FlexMini Ahti-Verschlusssystems.<\/p>\n<p>Er ist an der Vorderseite der Schuhschale befestigt und dient als Anschlusspunkt f\u00fcr den Back Strap, wodurch der Schuh sicher an seinem Platz gehalten wird.<br \/>\nFunktionsweise<\/p>\n<p>Der Strap Anchor arbeitet mit der hinteren Einheit und den Riemen zusammen, um:<\/p>\n<p>das Verschlusssystem in der richtigen Position zu halten<\/p>\n<p>die Spannung gleichm\u00e4\u00dfig \u00fcber den Schuh zu verteilen<\/p>\n<p>den Schuh w\u00e4hrend der Bewegung in der richtigen Position zu halten<\/p>\n<p>Dies tr\u00e4gt dazu bei, einen stabilen und ausgewogenen Sitz ohne unn\u00f6tigen Druck zu gew\u00e4hrleisten.<br \/>\nEntwickelt f\u00fcr das Ahti-System<\/p>\n<p>Der Strap Anchor ist ein festes Bauteil, das speziell f\u00fcr die Proportionen von Miniaturhufen entwickelt wurde.<\/p>\n<p>Seine Form und Position sorgen daf\u00fcr, dass das Befestigungssystem auch bei aktiver Bewegung zuverl\u00e4ssig funktioniert.<br \/>\nAnwendungsf\u00e4lle<\/p>\n<p>Jede FlexMini Ahti-Gamasche enth\u00e4lt standardm\u00e4\u00dfig einen Strap Anchor<\/p>\n<p>Einheitsgr\u00f6\u00dfe f\u00fcr alle FlexMini Ahti-Gamaschen (60, 65, 70, 75).<\/p>\n<p>Hergestellt aus hochwertigem thermoplastischem Polyurethan (TPU), das folgende Eigenschaften bietet:<\/p>\n<p>Flexibilit\u00e4t, Festigkeit, Langlebigkeit<\/p>\n<p>Entwickelt, um wiederholtem Gebrauch unter verschiedenen Bedingungen standzuhalten.<\/p>\n<p>Pflege: Schmutz nach dem Gebrauch absp\u00fclen oder abb\u00fcrsten<\/p>\n<p>An einem gut bel\u00fcfteten Ort trocknen lassen<\/p>\n<p>Vermeiden Sie aggressive Chemikalien<\/p>\n<p>Vermeiden Sie die Lagerung bei hoher Hitze oder in geschlossenen R\u00e4umen<\/p>\n<p>&nbsp;<\/p>\n<h3>Gr\u00f6\u00dfentabelle FlexMini Ahti Boots:<\/h3>\n<table style=\"max-width: 600px;\" width=\"600\">\n<tbody>\n<tr>\n<td style=\"text-align: right;\" width=\"120\"><strong>FLEX-Boot Size<br \/>\n<\/strong>(shell)<strong><br \/>\n<\/strong><\/td>\n<td style=\"text-align: center;\" width=\"120\"><strong>Hoof Width approx.<br \/>\n<\/strong><\/td>\n<td style=\"text-align: center;\" width=\"120\"><strong>Hoof Length max.<br \/>\n<\/strong><\/td>\n<\/tr>\n<tr>\n<td style=\"text-align: right;\" width=\"120\"><strong>60<\/strong><\/td>\n<td style=\"text-align: center;\" width=\"120\">60 mm<\/td>\n<td style=\"text-align: center;\" width=\"120\">65 mm<\/td>\n<\/tr>\n<tr>\n<td style=\"text-align: right;\" width=\"120\"><strong>65<\/strong><\/td>\n<td style=\"text-align: center;\" width=\"120\">65 mm<\/td>\n<td style=\"text-align: center;\" width=\"120\">70 mm<\/td>\n<\/tr>\n<tr>\n<td style=\"text-align: right;\" width=\"120\"><strong>70<\/strong><\/td>\n<td style=\"text-align: center;\" width=\"120\">70 mm<\/td>\n<td style=\"text-align: center;\" width=\"120\">75 mm<\/td>\n<\/tr>\n<tr>\n<td style=\"text-align: right;\" width=\"120\"><strong>75<\/strong><\/td>\n<td style=\"text-align: center;\" width=\"120\">75 mm<\/td>\n<td style=\"text-align: center;\" width=\"120\">80 mm<\/td>\n<td style=\"text-align: center;\" width=\"120\"><strong>\u00a0<\/strong><\/td>\n<\/tr>\n<\/tbody>\n<\/table>\n<p>&gt;<strong><span style=\"color: #339966;\"> <a style=\"color: #339966;\" href=\"https:\/\/www.flexhoofboots.com\/\" target=\"_blank\" rel=\"noopener noreferrer nofollow\">flexhoofboots.com<\/a><\/span><\/strong> <em>have a<\/em> <strong><span style=\"color: #339966;\"><a style=\"color: #339966;\" href=\"https:\/\/www.youtube.com\/channel\/UCfWgrRZoTSL1TMzUXrsvcgA\/videos\" target=\"_blank\" rel=\"noopener noreferrer nofollow\">Video channel<\/a><\/span><\/strong>, <em>where to get help on the correct fit of the boot or guidance on parts replacement<\/em><\/p>\n<h4><span style=\"color: #339966;\"><strong>&gt; <\/strong><\/span><a href=\"https:\/\/www.hufschuhanzieher.de\/zubehoer-hufschuhe\/flex-boots-zubehoer\/\"><span style=\"color: #339966;\"><strong>Flex Boot Accessories:<\/strong><\/span><\/a><\/h4>","protected":false},"excerpt":{"rendered":"<h3><strong>Preis pro ST\u00dcCK<\/strong><\/h3>\n<p>Strap Anchor f\u00fcr FlexMini Ahti \u2013 Professionelle biomechanische Hufschuhe<\/p>\n<p>&nbsp;<\/p>","protected":false},"featured_media":30785,"template":"","meta":[],"product_brand":[1069],"product_cat":[449,15,35],"product_tag":[448,433,447,850,943,522,1130],"class_list":{"0":"post-31169","1":"product","2":"type-product","3":"status-publish","4":"has-post-thumbnail","6":"product_brand-flex-boots","7":"product_cat-flex-boots-zubehoer","8":"product_cat-unkategorisiert","9":"product_cat-zubehoer-hufschuhe","10":"product_tag-finnland","11":"product_tag-flex","12":"product_tag-flex-hoof-boots","13":"product_tag-fohlen","14":"product_tag-miniaturpferde-miniature-horses","15":"product_tag-pony-ponie","16":"product_tag-weidegang","18":"first","19":"instock","20":"taxable","21":"shipping-taxable","22":"purchasable","23":"product-type-simple"},"_links":{"self":[{"href":"https:\/\/www.hufschuhanzieher.de\/en\/wp-json\/wp\/v2\/product\/31169","targetHints":{"allow":["GET"]}}],"collection":[{"href":"https:\/\/www.hufschuhanzieher.de\/en\/wp-json\/wp\/v2\/product"}],"about":[{"href":"https:\/\/www.hufschuhanzieher.de\/en\/wp-json\/wp\/v2\/types\/product"}],"version-history":[{"count":5,"href":"https:\/\/www.hufschuhanzieher.de\/en\/wp-json\/wp\/v2\/product\/31169\/revisions"}],"predecessor-version":[{"id":31183,"href":"https:\/\/www.hufschuhanzieher.de\/en\/wp-json\/wp\/v2\/product\/31169\/revisions\/31183"}],"wp:featuredmedia":[{"embeddable":true,"href":"https:\/\/www.hufschuhanzieher.de\/en\/wp-json\/wp\/v2\/media\/30785"}],"wp:attachment":[{"href":"https:\/\/www.hufschuhanzieher.de\/en\/wp-json\/wp\/v2\/media?parent=31169"}],"wp:term":[{"taxonomy":"product_brand","embeddable":true,"href":"https:\/\/www.hufschuhanzieher.de\/en\/wp-json\/wp\/v2\/product_brand?post=31169"},{"taxonomy":"product_cat","embeddable":true,"href":"https:\/\/www.hufschuhanzieher.de\/en\/wp-json\/wp\/v2\/product_cat?post=31169"},{"taxonomy":"product_tag","embeddable":true,"href":"https:\/\/www.hufschuhanzieher.de\/en\/wp-json\/wp\/v2\/product_tag?post=31169"}],"curies":[{"name":"wp","href":"https:\/\/api.w.org\/{rel}","templated":true}]}}