{"id":31199,"date":"2026-04-16T14:12:28","date_gmt":"2026-04-16T12:12:28","guid":{"rendered":"https:\/\/hufschuhanzieher.de\/?post_type=product&#038;p=31199"},"modified":"2026-04-16T15:47:10","modified_gmt":"2026-04-16T13:47:10","slug":"flexmini-ahti-eva-pad","status":"publish","type":"product","link":"https:\/\/www.hufschuhanzieher.de\/en\/flexmini-ahti-eva-pad\/","title":{"rendered":"FlexMini Ahti EVA Pad 2,5mm"},"content":{"rendered":"<h4>FlexMini Ahti EVA Pad 2,5 mm<\/h4>\n<p>Das Ahti EVA Pad ist eine leichtes Einlage, die f\u00fcr eine sanfte D\u00e4mpfung und zus\u00e4tzlichen Halt in FlexMini Ahti Boots sorgt.<\/p>\n<p>Mit einer Dicke von 2,5 mm bietet sie zus\u00e4tzlichen Komfort, ohne die Hufstellung oder die Passform der Boots wesentlich zu beeintr\u00e4chtigen.<\/p>\n<p>Sie wurde speziell f\u00fcr Miniaturpferde und Fohlen entwickelt und st\u00fctzt den Huf, w\u00e4hrend sie nat\u00fcrliche Bewegungen und einen korrekten Sitz im Boot erm\u00f6glicht.<br \/>\nDas Ahti EVA-Pad ist eine gute Wahl bei:<br \/>\n&#8211; Leichter Sohlenempfindlichkeit<br \/>\n&#8211; Fohlen, die zus\u00e4tzliche Unterst\u00fctzung ben\u00f6tigen<br \/>\n&#8211; Rehabilitations- oder \u00dcbergangsphasen<br \/>\n&#8211; Kleinen Passformanpassungen im Boot<\/p>\n<p>Warum es wichtig ist<\/p>\n<p>&#x2714;&#xfe0f; Bietet leichte Sto\u00dfd\u00e4mpfung ohne aufzutragen<br \/>\n&#x2714;&#xfe0f; Sorgt f\u00fcr die richtige Hufposition und den korrekten Sitz<br \/>\n&#x2714;&#xfe0f; Unterst\u00fctzt den Komfort in sensiblen Phasen<br \/>\n&#x2714;&#xfe0f; Speziell f\u00fcr die Proportionen von Miniaturhufen entwickelt<br \/>\nPassform &amp; Anwendung<\/p>\n<p>F\u00fcr beste Ergebnisse:<br \/>\n&#8211; Die Zehen m\u00fcssen vollst\u00e4ndig in der Vorderseite des Hufschuhs sitzen<br \/>\n&#8211; Stellen Sie sicher, dass der Abrollpunkt nicht behindert wird<br \/>\n&#8211; Schneiden Sie das Polster mithilfe der Anleitung auf die richtige Hufschuhgr\u00f6\u00dfe zu<br \/>\n&#8211; Die korrekte Verwendung gew\u00e4hrleistet Komfort, ohne die nat\u00fcrliche Bewegung zu beeintr\u00e4chtigen.<\/p>\n<p>Eine Polstergr\u00f6\u00dfe, zum Zuschneiden passend: 60 &#8211; 65 &#8211; 70 &#8211; 75<\/p>\n<p>Eine Schneidevorlage f\u00fcr die pr\u00e4zise Anpassung ist im Lieferumfang enthalten.<\/p>\n<p>Falls n\u00f6tig, kann die Schneidevorlage hier herunter geladen werden<br \/>\n<a href=\"https:\/\/flexhoofboots.com\/wp-content\/uploads\/2026\/03\/AHTI-60-80-PAD-Template.pdf\" target=\"_blank\" rel=\"noopener nofollow\"><strong>Ahti-Pad-Schneidevorlage<\/strong><\/a><\/p>\n<p>Hergestellt aus EVA-Schaumstoff, der leichte D\u00e4mpfung bietet und gleichzeitig Struktur und Haltbarkeit gew\u00e4hrleistet.<\/p>\n<p>&#8211; Nach Gebrauch mit Wasser absp\u00fclen<br \/>\n&#8211; An einem gut bel\u00fcfteten Ort trocknen lassen<br \/>\n&#8211; L\u00e4ngere Hitzeeinwirkung vermeiden<br \/>\n&#8211; An einem trockenen Ort aufbewahren<\/p>\n<h3>Gr\u00f6\u00dfentabelle FlexMini Ahti Boots:<\/h3>\n<table style=\"max-width: 600px;\" width=\"600\">\n<tbody>\n<tr>\n<td style=\"text-align: right;\" width=\"120\"><strong>FLEX-Boot Size<br \/>\n<\/strong>(shell)<strong><br \/>\n<\/strong><\/td>\n<td style=\"text-align: center;\" width=\"120\"><strong>Hoof Width approx.<br \/>\n<\/strong><\/td>\n<td style=\"text-align: center;\" width=\"120\"><strong>Hoof Length max.<br \/>\n<\/strong><\/td>\n<\/tr>\n<tr>\n<td style=\"text-align: right;\" width=\"120\"><strong>60<\/strong><\/td>\n<td style=\"text-align: center;\" width=\"120\">60 mm<\/td>\n<td style=\"text-align: center;\" width=\"120\">65 mm<\/td>\n<\/tr>\n<tr>\n<td style=\"text-align: right;\" width=\"120\"><strong>65<\/strong><\/td>\n<td style=\"text-align: center;\" width=\"120\">65 mm<\/td>\n<td style=\"text-align: center;\" width=\"120\">70 mm<\/td>\n<\/tr>\n<tr>\n<td style=\"text-align: right;\" width=\"120\"><strong>70<\/strong><\/td>\n<td style=\"text-align: center;\" width=\"120\">70 mm<\/td>\n<td style=\"text-align: center;\" width=\"120\">75 mm<\/td>\n<\/tr>\n<tr>\n<td style=\"text-align: right;\" width=\"120\"><strong>75<\/strong><\/td>\n<td style=\"text-align: center;\" width=\"120\">75 mm<\/td>\n<td style=\"text-align: center;\" width=\"120\">80 mm<\/td>\n<td style=\"text-align: center;\" width=\"120\"><strong>\u00a0<\/strong><\/td>\n<\/tr>\n<\/tbody>\n<\/table>\n<p>&gt;<strong><span style=\"color: #339966;\"> <a style=\"color: #339966;\" href=\"https:\/\/www.flexhoofboots.com\/\" target=\"_blank\" rel=\"noopener noreferrer nofollow\">flexhoofboots.com<\/a><\/span><\/strong> <em>have a<\/em> <strong><span style=\"color: #339966;\"><a style=\"color: #339966;\" href=\"https:\/\/www.youtube.com\/channel\/UCfWgrRZoTSL1TMzUXrsvcgA\/videos\" target=\"_blank\" rel=\"noopener noreferrer nofollow\">Video channel<\/a><\/span><\/strong>, <em>where to get help on the correct fit of the boot or guidance on parts replacement<\/em><\/p>\n<h4><span style=\"color: #339966;\"><strong>&gt; <\/strong><\/span><a href=\"https:\/\/www.hufschuhanzieher.de\/zubehoer-hufschuhe\/flex-boots-zubehoer\/\"><span style=\"color: #339966;\"><strong>Flex Boot Accessories:<\/strong><\/span><\/a><\/h4>","protected":false},"excerpt":{"rendered":"<p><strong>Price per pair<br \/>\n<\/strong>FlexMini Ahti EVA Pad 2,5 mm<\/p>\n<p>&nbsp;<\/p>","protected":false},"featured_media":31207,"template":"","meta":[],"product_brand":[1069],"product_cat":[449,15,35],"product_tag":[448,433,447,850,943,522,1130],"class_list":{"0":"post-31199","1":"product","2":"type-product","3":"status-publish","4":"has-post-thumbnail","6":"product_brand-flex-boots","7":"product_cat-flex-boots-zubehoer","8":"product_cat-unkategorisiert","9":"product_cat-zubehoer-hufschuhe","10":"product_tag-finnland","11":"product_tag-flex","12":"product_tag-flex-hoof-boots","13":"product_tag-fohlen","14":"product_tag-miniaturpferde-miniature-horses","15":"product_tag-pony-ponie","16":"product_tag-weidegang","18":"first","19":"instock","20":"taxable","21":"shipping-taxable","22":"purchasable","23":"product-type-simple"},"_links":{"self":[{"href":"https:\/\/www.hufschuhanzieher.de\/en\/wp-json\/wp\/v2\/product\/31199","targetHints":{"allow":["GET"]}}],"collection":[{"href":"https:\/\/www.hufschuhanzieher.de\/en\/wp-json\/wp\/v2\/product"}],"about":[{"href":"https:\/\/www.hufschuhanzieher.de\/en\/wp-json\/wp\/v2\/types\/product"}],"version-history":[{"count":5,"href":"https:\/\/www.hufschuhanzieher.de\/en\/wp-json\/wp\/v2\/product\/31199\/revisions"}],"predecessor-version":[{"id":31208,"href":"https:\/\/www.hufschuhanzieher.de\/en\/wp-json\/wp\/v2\/product\/31199\/revisions\/31208"}],"wp:featuredmedia":[{"embeddable":true,"href":"https:\/\/www.hufschuhanzieher.de\/en\/wp-json\/wp\/v2\/media\/31207"}],"wp:attachment":[{"href":"https:\/\/www.hufschuhanzieher.de\/en\/wp-json\/wp\/v2\/media?parent=31199"}],"wp:term":[{"taxonomy":"product_brand","embeddable":true,"href":"https:\/\/www.hufschuhanzieher.de\/en\/wp-json\/wp\/v2\/product_brand?post=31199"},{"taxonomy":"product_cat","embeddable":true,"href":"https:\/\/www.hufschuhanzieher.de\/en\/wp-json\/wp\/v2\/product_cat?post=31199"},{"taxonomy":"product_tag","embeddable":true,"href":"https:\/\/www.hufschuhanzieher.de\/en\/wp-json\/wp\/v2\/product_tag?post=31199"}],"curies":[{"name":"wp","href":"https:\/\/api.w.org\/{rel}","templated":true}]}}