{"id":34096,"date":"2026-05-09T13:55:30","date_gmt":"2026-05-09T11:55:30","guid":{"rendered":"https:\/\/hufschuhanzieher.de\/?post_type=product&#038;p=34096"},"modified":"2026-05-11T11:46:33","modified_gmt":"2026-05-11T09:46:33","slug":"hufschuh-beratung","status":"publish","type":"product","link":"https:\/\/www.hufschuhanzieher.de\/en\/hufschuh-beratung\/","title":{"rendered":"Hufschuh-Beratung"},"content":{"rendered":"<div>Profitieren Sie von 20 Jahren Erfahrung in der Hufpflege und meiner Hilfe passende Hufschuhe f\u00fcr Ihr Pferd zu finden.<\/div>\n<div><\/div>\n<div>Ich nehme mir bewu\u00dft Zeit f\u00fcr Ihr Anliegen, ohne Zeitdruck, ohne Nebenbei.<br \/>\nIch berate Sie wahlweise in deutsch oder englisch.<\/div>\n<div><\/div>\n<div><strong>Die telefonsiche Beratung ist als Empfehlung zu verstehen.<br \/>\n<\/strong><\/div>\n<div>Aufgrund Ihrer Fotos und telefonischer Informationen l\u00e4sst sich nicht sicher sagen welcher Schuh passend ist.<\/div>\n<div><\/div>\n<div>Der anschlie\u00dfende Test vor Ort, \u00a0auch in der Bewegung, \u00a0wird Ihnen Sicherheit geben.<\/div>\n<div>\n<h3 data-section-id=\"zp49gt\" data-start=\"2157\" data-end=\"2175\">Ihre Optionen<\/h3>\n<p data-start=\"2177\" data-end=\"2270\"><strong data-start=\"2177\" data-end=\"2210\">&#x1f538; ca. 15 Minuten Beratung \u2013 33 \u20ac<\/strong><br data-start=\"2210\" data-end=\"2213\" \/>\u00a0 \u00a0 \u00a0 \u00a0Ideal f\u00fcr konkrete Fragen und Ihre Hufschuhberatung<\/p>\n<p data-start=\"2177\" data-end=\"2270\"><strong data-start=\"2272\" data-end=\"2313\">&#x1f538; ca. 30 Minuten Intensivberatung \u2013 55 \u20ac<br \/>\n<\/strong>\u00a0 \u00a0 \u00a0 F\u00fcr komplexere Themen oder mehrere Fragen<\/p>\n<\/div>\n<div>\n<h3 data-section-id=\"469yua\" data-start=\"1712\" data-end=\"1740\">So l\u00e4uft die Beratung ab<\/h3>\n<ul>\n<li>Geben Sie ihre Telefonnummer und ihren Wunschtermin w\u00e4hrend des Bestellprozesses an.<\/li>\n<li>Sie erhalten eine Bestellbest\u00e4tigung per Email<\/li>\n<li>Ihre Fotos bzw Videos senden Sie mir am besten direkt zum Beratungstermin<\/li>\n<li data-section-id=\"1eocaks\" data-start=\"2015\" data-end=\"2075\">Die Beratung erfolgt telefonisch oder per WhatsApp-Video<\/li>\n<\/ul>\n<p data-start=\"2077\" data-end=\"2150\">&#x1f449; Sollte die Beratung aus irgendwelchen Gr\u00fcnden nicht stattfinden k\u00f6nnen, erhalten Sie Ihr daf\u00fcr bezahltes Geld zur\u00fcck<\/p>\n<hr data-start=\"2384\" data-end=\"2387\" \/>\n<\/div>\n<div>\n<h2 data-section-id=\"12ueqm8\" data-start=\"2389\" data-end=\"2437\">&#x1f535; Wichtiger Hinweis zur kostenlosen Beratung<\/h2>\n<p data-start=\"2439\" data-end=\"2518\">Sie m\u00fcssen diese Beratung\u00a0<strong data-start=\"2463\" data-end=\"2479\">nicht buchen<\/strong>, wenn es nur um eine kurze Frage geht.<\/p>\n<p data-start=\"2520\" data-end=\"2554\">&#x1f449;\u00a0<strong data-start=\"2523\" data-end=\"2554\">Kostenlos bleibt weiterhin:<\/strong><\/p>\n<ul data-start=\"2555\" data-end=\"2672\">\n<li data-section-id=\"1tmat5i\" data-start=\"2555\" data-end=\"2586\">Fragen zu Ihrer Bestellung<\/li>\n<li data-section-id=\"1n4i8tu\" data-start=\"2587\" data-end=\"2625\">Probleme mit gelieferten Produkten<\/li>\n<li data-section-id=\"1n4i8tu\" data-start=\"2587\" data-end=\"2625\">Reklamationen<\/li>\n<\/ul>\n<p data-start=\"2674\" data-end=\"2828\">In diesen F\u00e4llen k\u00f6nnen Sie uns\u00a0<strong data-start=\"2705\" data-end=\"2736\">wie gewohnt einfach anrufen<\/strong>.<br data-start=\"2737\" data-end=\"2740\" \/>Sollten Sie uns \u00a0einmal nicht direkt erreichen, rufen wir selbstverst\u00e4ndlich zur\u00fcck.<\/p>\n<\/div>\n<div>\n<p>Sollten Sie noch Fragen haben, melden \u00a0Sie sich am besten telefonisch bei uns.<\/p>\n<\/div>","protected":false},"excerpt":{"rendered":"<p>Pers\u00f6nliche Hufschuh-Beratung<\/p>","protected":false},"featured_media":34149,"template":"","meta":[],"product_brand":[],"product_cat":[37,15,545,324],"product_tag":[1158,1159,253],"class_list":{"0":"post-34096","1":"product","2":"type-product","3":"status-publish","4":"has-post-thumbnail","6":"product_cat-hufschuh","7":"product_cat-unkategorisiert","8":"product_cat-sonstiges","9":"product_cat-nichttesten","10":"product_tag-beratung","11":"product_tag-hilfe","12":"product_tag-hufschuh","13":"product_shipping_class-brief","15":"first","16":"instock","17":"taxable","18":"shipping-taxable","19":"purchasable","20":"product-type-variable"},"_links":{"self":[{"href":"https:\/\/www.hufschuhanzieher.de\/en\/wp-json\/wp\/v2\/product\/34096","targetHints":{"allow":["GET"]}}],"collection":[{"href":"https:\/\/www.hufschuhanzieher.de\/en\/wp-json\/wp\/v2\/product"}],"about":[{"href":"https:\/\/www.hufschuhanzieher.de\/en\/wp-json\/wp\/v2\/types\/product"}],"version-history":[{"count":7,"href":"https:\/\/www.hufschuhanzieher.de\/en\/wp-json\/wp\/v2\/product\/34096\/revisions"}],"predecessor-version":[{"id":34202,"href":"https:\/\/www.hufschuhanzieher.de\/en\/wp-json\/wp\/v2\/product\/34096\/revisions\/34202"}],"wp:featuredmedia":[{"embeddable":true,"href":"https:\/\/www.hufschuhanzieher.de\/en\/wp-json\/wp\/v2\/media\/34149"}],"wp:attachment":[{"href":"https:\/\/www.hufschuhanzieher.de\/en\/wp-json\/wp\/v2\/media?parent=34096"}],"wp:term":[{"taxonomy":"product_brand","embeddable":true,"href":"https:\/\/www.hufschuhanzieher.de\/en\/wp-json\/wp\/v2\/product_brand?post=34096"},{"taxonomy":"product_cat","embeddable":true,"href":"https:\/\/www.hufschuhanzieher.de\/en\/wp-json\/wp\/v2\/product_cat?post=34096"},{"taxonomy":"product_tag","embeddable":true,"href":"https:\/\/www.hufschuhanzieher.de\/en\/wp-json\/wp\/v2\/product_tag?post=34096"}],"curies":[{"name":"wp","href":"https:\/\/api.w.org\/{rel}","templated":true}]}}