{"id":7413,"date":"2021-02-14T15:00:24","date_gmt":"2021-02-14T14:00:24","guid":{"rendered":"https:\/\/hufschuhanzieher.de\/?post_type=product&#038;p=7413"},"modified":"2026-03-31T15:48:59","modified_gmt":"2026-03-31T13:48:59","slug":"flex-rivets","status":"publish","type":"product","link":"https:\/\/www.hufschuhanzieher.de\/en\/flex-rivets\/","title":{"rendered":"FLEX Rivets"},"content":{"rendered":"<h4>FLEX Rivets<\/h4>\n<p>These rivets are used to attach the TPU gaiter to the back of the FLEX Boot. If the horse under-steps too far with the hindquarters and steps on the front hoof boot, these rivets can sometimes break or become damaged. However, it is easy to remove and replace the rivets. You can use a drill or pliers to remove a damaged rivet and then replace it with a hammer.<br \/>\n4er-Set (je 4 St\u00fcck Vorder- und R\u00fcckseite)-siehe Fotos ausreichend f\u00fcr 1 Paar Flexboots.<\/p>\n<h4>Video: <a href=\"https:\/\/youtu.be\/uLAvGBc9sDw?si=rqxL09Ud_wfEEXPL\" target=\"_blank\" rel=\"noopener nofollow\"><span style=\"color: #008080;\">Anbringen des TPU Gaiters mittels Flex Rivets<\/span><\/a><\/h4>\n<h4><a href=\"https:\/\/www.flexhoofboots.com\/\" target=\"_blank\" rel=\"noopener noreferrer nofollow\">flexhoofboots.com<\/a> have a <a href=\"https:\/\/www.youtube.com\/channel\/UCfWgrRZoTSL1TMzUXrsvcgA\/videos\" target=\"_blank\" rel=\"noopener noreferrer nofollow\">Video channel<\/a>, where you can get help on the correct fit of the shoe or guidance on replacing parts.<\/h4>\n<h4><a href=\"https:\/\/www.hufschuhanzieher.de\/zubehoer-hufschuhe\/flex-boots-zubehoer\"><span style=\"color: #339966;\"><strong>further FLEX Boot Accessories:<\/strong><\/span><\/a><\/h4>","protected":false},"excerpt":{"rendered":"<p>Flat-head rivets for the FLEX Boot.<br \/>\nPreis pro Set (4 St\u00fcck) siehe Foto<\/p>","protected":false},"featured_media":24212,"template":"","meta":[],"product_brand":[1069],"product_cat":[449,15,35],"product_tag":[446,448,481,433,447,497,479],"class_list":{"0":"post-7413","1":"product","2":"type-product","3":"status-publish","4":"has-post-thumbnail","6":"product_brand-flex-boots","7":"product_cat-flex-boots-zubehoer","8":"product_cat-unkategorisiert","9":"product_cat-zubehoer-hufschuhe","10":"product_tag-barfuss","11":"product_tag-finnland","12":"product_tag-flach-niete","13":"product_tag-flex","14":"product_tag-flex-hoof-boots","15":"product_tag-flex-zubehoer","16":"product_tag-niete","18":"first","19":"instock","20":"taxable","21":"shipping-taxable","22":"purchasable","23":"product-type-simple"},"_links":{"self":[{"href":"https:\/\/www.hufschuhanzieher.de\/en\/wp-json\/wp\/v2\/product\/7413","targetHints":{"allow":["GET"]}}],"collection":[{"href":"https:\/\/www.hufschuhanzieher.de\/en\/wp-json\/wp\/v2\/product"}],"about":[{"href":"https:\/\/www.hufschuhanzieher.de\/en\/wp-json\/wp\/v2\/types\/product"}],"version-history":[{"count":4,"href":"https:\/\/www.hufschuhanzieher.de\/en\/wp-json\/wp\/v2\/product\/7413\/revisions"}],"predecessor-version":[{"id":30030,"href":"https:\/\/www.hufschuhanzieher.de\/en\/wp-json\/wp\/v2\/product\/7413\/revisions\/30030"}],"wp:featuredmedia":[{"embeddable":true,"href":"https:\/\/www.hufschuhanzieher.de\/en\/wp-json\/wp\/v2\/media\/24212"}],"wp:attachment":[{"href":"https:\/\/www.hufschuhanzieher.de\/en\/wp-json\/wp\/v2\/media?parent=7413"}],"wp:term":[{"taxonomy":"product_brand","embeddable":true,"href":"https:\/\/www.hufschuhanzieher.de\/en\/wp-json\/wp\/v2\/product_brand?post=7413"},{"taxonomy":"product_cat","embeddable":true,"href":"https:\/\/www.hufschuhanzieher.de\/en\/wp-json\/wp\/v2\/product_cat?post=7413"},{"taxonomy":"product_tag","embeddable":true,"href":"https:\/\/www.hufschuhanzieher.de\/en\/wp-json\/wp\/v2\/product_tag?post=7413"}],"curies":[{"name":"wp","href":"https:\/\/api.w.org\/{rel}","templated":true}]}}