{"id":7549,"date":"2021-03-01T16:26:03","date_gmt":"2021-03-01T15:26:03","guid":{"rendered":"https:\/\/hufschuhanzieher.de\/?post_type=product&#038;p=7549"},"modified":"2026-04-30T07:43:11","modified_gmt":"2026-04-30T05:43:11","slug":"explora-magic-neopren-sock","status":"publish","type":"product","link":"https:\/\/www.hufschuhanzieher.de\/en\/explora-magic-neopren-sock\/","title":{"rendered":"Explora Magic Neopren Sock"},"content":{"rendered":"<h4>This Neoprene protection is for the bulb protector of the Explora Magic.<\/h4>\n<p>Comes with all new Magics. Due to the neoprene, it is thicker than the old mesh protection and thus offers softer but also firmer hold on the pads. This neoprene protection can be retrofitted without any problems.<br \/>\nThickness of the material: 5mm<\/p>\n<p>Size:<br \/>\n<strong>S\u00a0<\/strong> for the Explora Magic Size 1, 2, E1, E2, E3<br \/>\n<strong>M<\/strong> f\u00fcr den Explora Magic Gr\u00f6\u00dfe 3, 4, 5, E4<\/p>\n<h4><a href=\"https:\/\/www.hufschuhanzieher.de\/zubehoer-hufschuhe\/explora-zubehoer\/\" target=\"_blank\" rel=\"noopener\"><span style=\"color: #339966;\"><strong>further Explora Accessories:<\/strong><\/span><\/a><\/h4>\n<p>&nbsp;<\/p>","protected":false},"excerpt":{"rendered":"<h4>Price per Piece<\/h4>\n<p>Neoprene protection for the bulb protector of the Explora Magic.<\/p>","protected":false},"featured_media":10897,"template":"","meta":[],"product_brand":[1074],"product_cat":[215,15,35],"product_tag":[394,490,338,494,395,491,492,471,206],"class_list":{"0":"post-7549","1":"product","2":"type-product","3":"status-publish","4":"has-post-thumbnail","6":"product_brand-explora","7":"product_cat-explora-zubehoer","8":"product_cat-unkategorisiert","9":"product_cat-zubehoer-hufschuhe","10":"product_tag-bulbs-protector","11":"product_tag-ersatzteil-ballenschoner","12":"product_tag-explora-magic","13":"product_tag-heel-guard","14":"product_tag-heels-protector","15":"product_tag-neopren-gaiter","16":"product_tag-neopren-sock","17":"product_tag-schutz","18":"product_tag-zubehoer","20":"first","21":"instock","22":"taxable","23":"shipping-taxable","24":"purchasable","25":"product-type-variable"},"_links":{"self":[{"href":"https:\/\/www.hufschuhanzieher.de\/en\/wp-json\/wp\/v2\/product\/7549","targetHints":{"allow":["GET"]}}],"collection":[{"href":"https:\/\/www.hufschuhanzieher.de\/en\/wp-json\/wp\/v2\/product"}],"about":[{"href":"https:\/\/www.hufschuhanzieher.de\/en\/wp-json\/wp\/v2\/types\/product"}],"version-history":[{"count":1,"href":"https:\/\/www.hufschuhanzieher.de\/en\/wp-json\/wp\/v2\/product\/7549\/revisions"}],"predecessor-version":[{"id":27226,"href":"https:\/\/www.hufschuhanzieher.de\/en\/wp-json\/wp\/v2\/product\/7549\/revisions\/27226"}],"wp:featuredmedia":[{"embeddable":true,"href":"https:\/\/www.hufschuhanzieher.de\/en\/wp-json\/wp\/v2\/media\/10897"}],"wp:attachment":[{"href":"https:\/\/www.hufschuhanzieher.de\/en\/wp-json\/wp\/v2\/media?parent=7549"}],"wp:term":[{"taxonomy":"product_brand","embeddable":true,"href":"https:\/\/www.hufschuhanzieher.de\/en\/wp-json\/wp\/v2\/product_brand?post=7549"},{"taxonomy":"product_cat","embeddable":true,"href":"https:\/\/www.hufschuhanzieher.de\/en\/wp-json\/wp\/v2\/product_cat?post=7549"},{"taxonomy":"product_tag","embeddable":true,"href":"https:\/\/www.hufschuhanzieher.de\/en\/wp-json\/wp\/v2\/product_tag?post=7549"}],"curies":[{"name":"wp","href":"https:\/\/api.w.org\/{rel}","templated":true}]}}